{"id":1471,"date":"2025-05-30T10:49:04","date_gmt":"2025-05-30T10:49:04","guid":{"rendered":"https:\/\/terraesthiarahvakogu.net\/?page_id=1471"},"modified":"2026-03-18T20:55:19","modified_gmt":"2026-03-18T17:55:19","slug":"assambleed","status":"publish","type":"page","link":"https:\/\/terraesthiarahvakogu.net\/et\/assemblies\/","title":{"rendered":"Rahvusvaheliselt"},"content":{"rendered":"<div data-elementor-type=\"wp-page\" data-elementor-id=\"1471\" class=\"elementor elementor-1471\" data-elementor-post-type=\"page\">\n\t\t\t\t<div class=\"elementor-element elementor-element-fd81bd0 e-con-full main-container e-flex wpr-particle-no wpr-jarallax-no wpr-parallax-no wpr-sticky-section-no e-con e-parent\" data-id=\"fd81bd0\" data-element_type=\"container\">\n\t\t<div class=\"elementor-element elementor-element-4b99c4c e-con-full e-flex wpr-particle-no wpr-jarallax-no wpr-parallax-no wpr-sticky-section-no e-con e-child\" data-id=\"4b99c4c\" data-element_type=\"container\">\n\t\t<div class=\"elementor-element elementor-element-892be98 e-con-full main-container e-flex wpr-particle-no wpr-jarallax-no wpr-parallax-no wpr-sticky-section-no e-con e-child\" data-id=\"892be98\" data-element_type=\"container\">\n\t\t<div class=\"elementor-element elementor-element-c661248 e-con-full e-flex wpr-particle-no wpr-jarallax-no wpr-parallax-no wpr-sticky-section-no e-con e-child\" data-id=\"c661248\" data-element_type=\"container\">\n\t\t\t\t<div class=\"elementor-element elementor-element-71738a7 elementor-widget elementor-widget-heading\" data-id=\"71738a7\" data-element_type=\"widget\" data-widget_type=\"heading.default\">\n\t\t\t\t\t<h2 class=\"elementor-heading-title elementor-size-default\">Rahvusvaheliselt<\/h2>\t\t\t\t<\/div>\n\t\t\t\t<\/div>\n\t\t<div class=\"elementor-element elementor-element-5b8d56d e-con-full e-flex wpr-particle-no wpr-jarallax-no wpr-parallax-no wpr-sticky-section-no e-con e-child\" data-id=\"5b8d56d\" data-element_type=\"container\">\n\t\t\t\t<div class=\"elementor-element elementor-element-3b2a7a1 elementor-widget elementor-widget-text-editor\" data-id=\"3b2a7a1\" data-element_type=\"widget\" data-widget_type=\"text-editor.default\">\n\t\t\t\t\t\t\t\t\t<div><p class=\"western translation-block\">Meie s\u00f5brad paljudes maailma rahvastes on rahu armastajad. Meid \u00fchendab s\u00fcdametunnistuse ja terve m\u00f5istuse l\u00e4hedane side, aga ka \u00fclim v\u00e4simus iganenud v\u00f5itlusest ja l\u00f5hestatusest.<\/p><p class=\"western\">Meie plaan p\u00f5hineb k\u00f5igi Elavate hingede heal tahtel ja \u00fchine eesm\u00e4rk on praktiline ja konstruktiivne koost\u00f6\u00f6, mis on privaatne, luues \u00f5iglased elutingimused k\u00f5igile ilma igasuguste sotsiaalsete, majanduslike v\u00f5i hariduslike erinevusteta.<\/p><p class=\"western\">Igal Rahvusel on oma Rahvas, kes on varustatud v\u00f5\u00f5randamatute loomulike <span lang=\"et-EE\">\u00f5igustega,<\/span>oma jumaliku p\u00e4randiga, mis suunavad meid individuaalselt ja on kogukonnas oma k\u00f5rgeima eesm\u00e4rgi toetamiseks, mis on kindel alus tulevaste p\u00f5lvkondade rahulikule ja j\u00f5ukale elule.<\/p><p class=\"western\">Tutvuge meie s\u00f5pradega ja tere tulemast rahvustevahelisse perekonda!<\/p><\/div>\t\t\t\t\t\t\t\t<\/div>\n\t\t\t\t<div class=\"elementor-element elementor-element-637a926 elementor-widget elementor-widget-button\" data-id=\"637a926\" data-element_type=\"widget\" data-widget_type=\"button.default\">\n\t\t\t\t\t\t\t\t\t\t<a class=\"elementor-button elementor-button-link elementor-size-sm\" href=\"https:\/\/tr.ee\/7MQF54999O\">\n\t\t\t\t\t\t<span class=\"elementor-button-content-wrapper\">\n\t\t\t\t\t\t\t\t\t<span class=\"elementor-button-text\">Teised<\/span>\n\t\t\t\t\t<\/span>\n\t\t\t\t\t<\/a>\n\t\t\t\t\t\t\t\t<\/div>\n\t\t\t\t<div class=\"elementor-element elementor-element-c7fa5d2 elementor-widget elementor-widget-button\" data-id=\"c7fa5d2\" data-element_type=\"widget\" data-widget_type=\"button.default\">\n\t\t\t\t\t\t\t\t\t\t<a class=\"elementor-button elementor-button-link elementor-size-sm\" href=\"http:\/\/www.annavonreitz.com\">\n\t\t\t\t\t\t<span class=\"elementor-button-content-wrapper\">\n\t\t\t\t\t\t\t\t\t<span class=\"elementor-button-text\">Anna Maria Artiklite Veebileht<\/span>\n\t\t\t\t\t<\/span>\n\t\t\t\t\t<\/a>\n\t\t\t\t\t\t\t\t<\/div>\n\t\t\t\t<div class=\"elementor-element elementor-element-6ccad1e elementor-widget elementor-widget-button\" data-id=\"6ccad1e\" data-element_type=\"widget\" data-widget_type=\"button.default\">\n\t\t\t\t\t\t\t\t\t\t<a class=\"elementor-button elementor-button-link elementor-size-sm\" href=\"https:\/\/rumble.com\/c\/AnnaVonReitzArticleVideos\">\n\t\t\t\t\t\t<span class=\"elementor-button-content-wrapper\">\n\t\t\t\t\t\t\t\t\t<span class=\"elementor-button-text\">Artiklid Kuulamiseks<\/span>\n\t\t\t\t\t<\/span>\n\t\t\t\t\t<\/a>\n\t\t\t\t\t\t\t\t<\/div>\n\t\t\t\t<div class=\"elementor-element elementor-element-079a7b2 elementor-widget elementor-widget-button\" data-id=\"079a7b2\" data-element_type=\"widget\" data-widget_type=\"button.default\">\n\t\t\t\t\t\t\t\t\t\t<a class=\"elementor-button elementor-button-link elementor-size-sm\" href=\"https:\/\/tasa.americanstatenationals.org\/\">\n\t\t\t\t\t\t<span class=\"elementor-button-content-wrapper\">\n\t\t\t\t\t\t\t\t\t<span class=\"elementor-button-text\">Ameerika Rahvakogu<\/span>\n\t\t\t\t\t<\/span>\n\t\t\t\t\t<\/a>\n\t\t\t\t\t\t\t\t<\/div>\n\t\t\t\t<div class=\"elementor-element elementor-element-5b7e10c elementor-widget elementor-widget-button\" data-id=\"5b7e10c\" data-element_type=\"widget\" data-widget_type=\"button.default\">\n\t\t\t\t\t\t\t\t\t\t<a class=\"elementor-button elementor-button-link elementor-size-sm\" href=\"https:\/\/globalfamilygroup.com\">\n\t\t\t\t\t\t<span class=\"elementor-button-content-wrapper\">\n\t\t\t\t\t\t\t\t\t<span class=\"elementor-button-text\">Global Family Group<\/span>\n\t\t\t\t\t<\/span>\n\t\t\t\t\t<\/a>\n\t\t\t\t\t\t\t\t<\/div>\n\t\t\t\t<div class=\"elementor-element elementor-element-39d1da2 elementor-widget elementor-widget-button\" data-id=\"39d1da2\" data-element_type=\"widget\" data-widget_type=\"button.default\">\n\t\t\t\t\t\t\t\t\t\t<a class=\"elementor-button elementor-button-link elementor-size-sm\" href=\"http:\/\/www.claimyourinheritance.info\" id=\"Claim your inheritance\">\n\t\t\t\t\t\t<span class=\"elementor-button-content-wrapper\">\n\t\t\t\t\t\t\t\t\t<span class=\"elementor-button-text\">N\u00f5ua Oma P\u00e4randit<\/span>\n\t\t\t\t\t<\/span>\n\t\t\t\t\t<\/a>\n\t\t\t\t\t\t\t\t<\/div>\n\t\t\t\t<div class=\"elementor-element elementor-element-519caa6 elementor-widget elementor-widget-button\" data-id=\"519caa6\" data-element_type=\"widget\" data-widget_type=\"button.default\">\n\t\t\t\t\t\t\t\t\t\t<a class=\"elementor-button elementor-button-link elementor-size-sm\" href=\"https:\/\/suveran-pathfinder.lovable.app\/\" id=\"Claim your inheritance\">\n\t\t\t\t\t\t<span class=\"elementor-button-content-wrapper\">\n\t\t\t\t\t\t\t\t\t<span class=\"elementor-button-text\">Suver\u00e4\u00e4ne Mees<\/span>\n\t\t\t\t\t<\/span>\n\t\t\t\t\t<\/a>\n\t\t\t\t\t\t\t\t<\/div>\n\t\t\t\t<\/div>\n\t\t\t\t<\/div>\n\t\t\t\t<\/div>\n\t\t\t\t<\/div>\n\t\t\t\t<\/div>","protected":false},"excerpt":{"rendered":"<p>Internationally Our friends in many nations of the world are lovers of peace. We are united by a close bond of conscience and common sense, but also by an extreme fatigue from outdated struggles and divisions. Our plan is based on the goodwill of all living beings and the common goal is practical and constructive cooperation, which is private, creating fair living conditions for all without any social, economic or educational differences. Every nation has a people endowed with inalienable natural rights, with their own divine heritage, which guides us individually and in community to the manifestation of our highest purpose, which is a solid foundation for the life of future generations in peace and prosperity. Meet our friends and welcome to the international family! Others Anna Maria Articles Website Articles Audio USA Assembly Global Family Group Claim your inheritance Suveran Man<\/p>","protected":false},"author":1,"featured_media":0,"parent":0,"menu_order":0,"comment_status":"closed","ping_status":"closed","template":"elementor_header_footer","meta":{"_acf_changed":false,"pmpro_default_level":"","footnotes":""},"class_list":["post-1471","page","type-page","status-publish","hentry","pmpro-has-access"],"acf":[],"aioseo_notices":[],"_links":{"self":[{"href":"https:\/\/terraesthiarahvakogu.net\/et\/wp-json\/wp\/v2\/pages\/1471","targetHints":{"allow":["GET"]}}],"collection":[{"href":"https:\/\/terraesthiarahvakogu.net\/et\/wp-json\/wp\/v2\/pages"}],"about":[{"href":"https:\/\/terraesthiarahvakogu.net\/et\/wp-json\/wp\/v2\/types\/page"}],"author":[{"embeddable":true,"href":"https:\/\/terraesthiarahvakogu.net\/et\/wp-json\/wp\/v2\/users\/1"}],"replies":[{"embeddable":true,"href":"https:\/\/terraesthiarahvakogu.net\/et\/wp-json\/wp\/v2\/comments?post=1471"}],"version-history":[{"count":45,"href":"https:\/\/terraesthiarahvakogu.net\/et\/wp-json\/wp\/v2\/pages\/1471\/revisions"}],"predecessor-version":[{"id":3047,"href":"https:\/\/terraesthiarahvakogu.net\/et\/wp-json\/wp\/v2\/pages\/1471\/revisions\/3047"}],"wp:attachment":[{"href":"https:\/\/terraesthiarahvakogu.net\/et\/wp-json\/wp\/v2\/media?parent=1471"}],"curies":[{"name":"wp","href":"https:\/\/api.w.org\/{rel}","templated":true}]}}