{"id":1540,"date":"2025-05-30T13:55:56","date_gmt":"2025-05-30T13:55:56","guid":{"rendered":"https:\/\/terraesthiarahvakogu.net\/?page_id=1540"},"modified":"2026-01-20T13:12:42","modified_gmt":"2026-01-20T10:12:42","slug":"maapatent","status":"publish","type":"page","link":"https:\/\/terraesthiarahvakogu.net\/et\/land-patent\/","title":{"rendered":"Maapatendi Teated"},"content":{"rendered":"\t\t<div data-elementor-type=\"wp-page\" data-elementor-id=\"1540\" class=\"elementor elementor-1540\" data-elementor-post-type=\"page\">\n\t\t\t\t<div class=\"elementor-element elementor-element-fd81bd0 e-con-full main-container e-flex wpr-particle-no wpr-jarallax-no wpr-parallax-no wpr-sticky-section-no e-con e-parent\" data-id=\"fd81bd0\" data-element_type=\"container\">\n\t\t<div class=\"elementor-element elementor-element-4b99c4c e-con-full e-flex wpr-particle-no wpr-jarallax-no wpr-parallax-no wpr-sticky-section-no e-con e-child\" data-id=\"4b99c4c\" data-element_type=\"container\">\n\t\t<div class=\"elementor-element elementor-element-892be98 e-con-full main-container e-flex wpr-particle-no wpr-jarallax-no wpr-parallax-no wpr-sticky-section-no e-con e-child\" data-id=\"892be98\" data-element_type=\"container\">\n\t\t<div class=\"elementor-element elementor-element-c661248 e-con-full e-flex wpr-particle-no wpr-jarallax-no wpr-parallax-no wpr-sticky-section-no e-con e-child\" data-id=\"c661248\" data-element_type=\"container\">\n\t\t\t\t<div class=\"elementor-element elementor-element-71738a7 elementor-widget elementor-widget-heading\" data-id=\"71738a7\" data-element_type=\"widget\" data-widget_type=\"heading.default\">\n\t\t\t\t\t<h2 class=\"elementor-heading-title elementor-size-default\">Land patent<\/h2>\t\t\t\t<\/div>\n\t\t\t\t<\/div>\n\t\t<div class=\"elementor-element elementor-element-5b8d56d e-con-full e-flex wpr-particle-no wpr-jarallax-no wpr-parallax-no wpr-sticky-section-no e-con e-child\" data-id=\"5b8d56d\" data-element_type=\"container\">\n\t\t\t\t<div class=\"elementor-element elementor-element-3b2a7a1 elementor-widget elementor-widget-text-editor\" data-id=\"3b2a7a1\" data-element_type=\"widget\" data-widget_type=\"text-editor.default\">\n\t\t\t\t\t\t\t\t\t<div>Are you still paying land tax? Get a land patent and stop paying taxes on your land. Here you can upload your own announcement about the land patent, which must be publicly announced for at least 60 days.<\/div>\t\t\t\t\t\t\t\t<\/div>\n\t\t\t\t<\/div>\n\t\t\t\t<\/div>\n\t\t\t\t<div class=\"elementor-element elementor-element-440a21f elementor-widget elementor-widget-html\" data-id=\"440a21f\" data-element_type=\"widget\" data-widget_type=\"html.default\">\n\t\t\t\t\t<!DOCTYPE html>\n<html lang=\"ru\">\n<head>\n  <meta charset=\"UTF-8\" \/>\n  <style>\n    body {\n      font-family: Arial, sans-serif;\n      padding: 20px;\n    }\n\n    input[type=\"text\"] {\n      margin-bottom: 10px;\n      padding: 8px;\n      width: 100%;\n      max-width: 300px;\n      font-size: 16px;\n    }\n\n    table {\n      border-collapse: collapse;\n      width: 100%;\n      margin-top: 10px;\n    }\n\n    th, td {\n      border: 1px solid #ccc;\n      padding: 8px 12px;\n      text-align: left;\n    }\n\n    th {\n      background-color: #f2f2f2;\n    }\n\n    tr.hidden {\n      display: none;\n    }\n\n    \/* ===== Mobile optimization ===== *\/\n    @media (max-width: 768px) {\n      table {\n        border: 0;\n      }\n\n      thead {\n        display: none;\n      }\n\n      tr {\n        display: block;\n        margin-bottom: 16px;\n        border: 1px solid #ddd;\n        border-radius: 8px;\n        padding: 8px;\n        background: #fff;\n      }\n\n      td {\n        display: flex;\n        justify-content: space-between;\n        padding: 6px 8px;\n        border: none;\n        border-bottom: 1px solid #eee;\n      }\n\n      td:last-child {\n        border-bottom: none;\n      }\n\n      td::before {\n        content: attr(data-label);\n        font-weight: bold;\n        color: #555;\n        padding-right: 10px;\n        flex: 0 0 40%;\n      }\n    }\n  <\/style>\n<\/head>\n<body>\n\n  <input type=\"text\" id=\"searchInput\" placeholder=\"Search...\">\n\n  <table id=\"dataTable\">\n    <thead>\n      <tr>\n        <th>Date<\/th>\n        <th>File Name<\/th>\n        <th>Link EST<\/th>\n        <th>Link ENG<\/th>\n      <\/tr>\n    <\/thead>\n    <tbody>\n      <!--\n      \u041f\u0440\u0438\u043c\u0435\u0440 \u0441\u0442\u0440\u043e\u043a\u0438 (\u043a\u043e\u0433\u0434\u0430 \u043f\u043e\u043d\u0430\u0434\u043e\u0431\u0438\u0442\u0441\u044f):\n\n      <tr>\n        <td data-label=\"Date\">01.01.26<\/td>\n        <td data-label=\"File Name\">Example File<\/td>\n        <td data-label=\"Link EST\"><a href=\"#\">Link<\/a><\/td>\n        <td data-label=\"Link ENG\"><a href=\"#\">Link<\/a><\/td>\n      <\/tr>\n      -->\n    <\/tbody>\n  <\/table>\n\n  <script>\n    const searchInput = document.getElementById('searchInput');\n    const tableRows = document.querySelectorAll('#dataTable tbody tr');\n\n    searchInput.addEventListener('input', function () {\n      const query = this.value.toLowerCase();\n      tableRows.forEach(row => {\n        const rowText = row.textContent.toLowerCase();\n        row.classList.toggle('hidden', !rowText.includes(query));\n      });\n    });\n  <\/script>\n\n<\/body>\n<\/html>\n\t\t\t\t<\/div>\n\t\t\t\t<\/div>\n\t\t\t\t<\/div>\n\t\t\t\t<\/div>\n\t\t","protected":false},"excerpt":{"rendered":"<p>Maapatent Kas maksate ikka veel maamaksu? Hankige maapatent ja l\u00f5petage oma maa maksustamine. Siin saate \u00fcles laadida oma teadaande maapatendi kohta, mis peab olema avalikult v\u00e4lja kuulutatud v\u00e4hemalt 60 p\u00e4eva.<\/p>","protected":false},"author":1,"featured_media":0,"parent":0,"menu_order":0,"comment_status":"closed","ping_status":"closed","template":"elementor_header_footer","meta":{"_acf_changed":false,"pmpro_default_level":"","footnotes":""},"class_list":["post-1540","page","type-page","status-publish","hentry","pmpro-has-access"],"acf":[],"aioseo_notices":[],"_links":{"self":[{"href":"https:\/\/terraesthiarahvakogu.net\/et\/wp-json\/wp\/v2\/pages\/1540","targetHints":{"allow":["GET"]}}],"collection":[{"href":"https:\/\/terraesthiarahvakogu.net\/et\/wp-json\/wp\/v2\/pages"}],"about":[{"href":"https:\/\/terraesthiarahvakogu.net\/et\/wp-json\/wp\/v2\/types\/page"}],"author":[{"embeddable":true,"href":"https:\/\/terraesthiarahvakogu.net\/et\/wp-json\/wp\/v2\/users\/1"}],"replies":[{"embeddable":true,"href":"https:\/\/terraesthiarahvakogu.net\/et\/wp-json\/wp\/v2\/comments?post=1540"}],"version-history":[{"count":13,"href":"https:\/\/terraesthiarahvakogu.net\/et\/wp-json\/wp\/v2\/pages\/1540\/revisions"}],"predecessor-version":[{"id":2666,"href":"https:\/\/terraesthiarahvakogu.net\/et\/wp-json\/wp\/v2\/pages\/1540\/revisions\/2666"}],"wp:attachment":[{"href":"https:\/\/terraesthiarahvakogu.net\/et\/wp-json\/wp\/v2\/media?parent=1540"}],"curies":[{"name":"wp","href":"https:\/\/api.w.org\/{rel}","templated":true}]}}